{"id":22,"date":"2021-11-18T07:18:58","date_gmt":"2021-11-18T07:18:58","guid":{"rendered":"https:\/\/nenonena.net\/?page_id=22"},"modified":"2023-06-02T14:18:09","modified_gmt":"2023-06-02T14:18:09","slug":"politica-devoluciones","status":"publish","type":"page","link":"https:\/\/nenonena.net\/?page_id=22","title":{"rendered":"Pol\u00edtica de devoluciones"},"content":{"rendered":"\t\t<div data-elementor-type=\"wp-page\" data-elementor-id=\"22\" class=\"elementor elementor-22\" data-elementor-settings=\"[]\">\n\t\t\t\t\t\t\t<div class=\"elementor-section-wrap\">\n\t\t\t\t\t\t\t<section class=\"elementor-section elementor-top-section elementor-element elementor-element-7f96ac6d elementor-section-boxed elementor-section-height-default elementor-section-height-default parallax_section_no qode_elementor_container_no\" data-id=\"7f96ac6d\" data-element_type=\"section\">\n\t\t\t\t\t\t<div class=\"elementor-container elementor-column-gap-default\">\n\t\t\t\t\t<div class=\"elementor-column elementor-col-100 elementor-top-column elementor-element elementor-element-8109479\" data-id=\"8109479\" data-element_type=\"column\">\n\t\t\t<div class=\"elementor-widget-wrap elementor-element-populated\">\n\t\t\t\t\t\t\t\t<div class=\"elementor-element elementor-element-7e79aa79 elementor-widget elementor-widget-text-editor\" data-id=\"7e79aa79\" data-element_type=\"widget\" data-widget_type=\"text-editor.default\">\n\t\t\t\t<div class=\"elementor-widget-container\">\n\t\t\t\t\t\t\t<h2>Pol\u00edtica de devoluci\u00f3n<\/h2><p><!-- \/wp:paragraph --><\/p>\t\t\t\t\t\t<\/div>\n\t\t\t\t<\/div>\n\t\t\t\t<div class=\"elementor-element elementor-element-0ac6c0f elementor-widget elementor-widget-text-editor\" data-id=\"0ac6c0f\" data-element_type=\"widget\" data-widget_type=\"text-editor.default\">\n\t\t\t\t<div class=\"elementor-widget-container\">\n\t\t\t\t\t\t\t<p>Es posible realizar la devoluci\u00f3n de los productos adquiridos dentro de un plazo de 14 d\u00edas naturales desde la fecha de recepci\u00f3n del pedido seg\u00fan resguardo de entrega. No se aceptar\u00e1n los productos que hayan sido usados ni sin el embalaje original debidamente precintado y se tendr\u00e1n que entregar con todos los accesorios originales, as\u00ed como toda la documentaci\u00f3n del producto. El producto se debe devolver con un embalaje protector que prevenga cualquier da\u00f1o en el producto o en su caja original. En caso contrario el producto podr\u00eda sufrir una depreciaci\u00f3n, y se puede reducir en el importe de devoluci\u00f3n, cumpliendo las condiciones que regula la Ley 47\/2002 de ordenaci\u00f3n de comercio.<\/p><p><!-- \/wp:paragraph --><\/p>\t\t\t\t\t\t<\/div>\n\t\t\t\t<\/div>\n\t\t\t\t<div class=\"elementor-element elementor-element-b10f1e8 elementor-widget elementor-widget-text-editor\" data-id=\"b10f1e8\" data-element_type=\"widget\" data-widget_type=\"text-editor.default\">\n\t\t\t\t<div class=\"elementor-widget-container\">\n\t\t\t\t\t\t\t<p>NENONENA realizar\u00e1 el reintegro al consumidor del importe total de los productos correctamente retornados, deduciendo el importe asociado a los gastos de gesti\u00f3n y env\u00edo del env\u00edo original. Se deducir\u00e1 este importe tambi\u00e9n en el caso en que en la factura original estuvieran subvencionados por la oferta comercial.<\/p><p><!-- \/wp:paragraph --><\/p>\t\t\t\t\t\t<\/div>\n\t\t\t\t<\/div>\n\t\t\t\t<div class=\"elementor-element elementor-element-3dfec4b elementor-widget elementor-widget-text-editor\" data-id=\"3dfec4b\" data-element_type=\"widget\" data-widget_type=\"text-editor.default\">\n\t\t\t\t<div class=\"elementor-widget-container\">\n\t\t\t\t\t\t\t<p>La devoluci\u00f3n de los productos se puede realizar opcionalmente a trav\u00e9s del servicio de mensajer\u00eda de NENONENA, en este caso, tambi\u00e9n se deber\u00e1 deducir del importe de devoluci\u00f3n los costes asociados al segundo env\u00edo de retorno.<\/p>\t\t\t\t\t\t<\/div>\n\t\t\t\t<\/div>\n\t\t\t\t<div class=\"elementor-element elementor-element-bc6cf5a elementor-widget elementor-widget-text-editor\" data-id=\"bc6cf5a\" data-element_type=\"widget\" data-widget_type=\"text-editor.default\">\n\t\t\t\t<div class=\"elementor-widget-container\">\n\t\t\t\t\t\t\t<p>Una vez recibido el mensaje conforme que el pedido ha sido enviado existir\u00e1n costes asociados en caso de querer cancelar el pedido o necesitar modificar cualquier dato incorrecto en los datos de env\u00edo original.<\/p><p><!-- \/wp:paragraph --><\/p>\t\t\t\t\t\t<\/div>\n\t\t\t\t<\/div>\n\t\t\t\t<div class=\"elementor-element elementor-element-b3253d2 elementor-widget elementor-widget-text-editor\" data-id=\"b3253d2\" data-element_type=\"widget\" data-widget_type=\"text-editor.default\">\n\t\t\t\t<div class=\"elementor-widget-container\">\n\t\t\t\t\t\t\t\t\t\t\t\t\t<\/div>\n\t\t\t\t<\/div>\n\t\t\t\t<div class=\"elementor-element elementor-element-27cbb18 elementor-widget elementor-widget-text-editor\" data-id=\"27cbb18\" data-element_type=\"widget\" data-widget_type=\"text-editor.default\">\n\t\t\t\t<div class=\"elementor-widget-container\">\n\t\t\t\t\t\t\t\t\t\t\t\t\t<\/div>\n\t\t\t\t<\/div>\n\t\t\t\t<div class=\"elementor-element elementor-element-81c39ac elementor-widget elementor-widget-text-editor\" data-id=\"81c39ac\" data-element_type=\"widget\" data-widget_type=\"text-editor.default\">\n\t\t\t\t<div class=\"elementor-widget-container\">\n\t\t\t\t\t\t\t\t\t\t\t\t\t<\/div>\n\t\t\t\t<\/div>\n\t\t\t\t<div class=\"elementor-element elementor-element-c5448ed elementor-widget elementor-widget-text-editor\" data-id=\"c5448ed\" data-element_type=\"widget\" data-widget_type=\"text-editor.default\">\n\t\t\t\t<div class=\"elementor-widget-container\">\n\t\t\t\t\t\t\t\t\t\t\t\t\t<\/div>\n\t\t\t\t<\/div>\n\t\t\t\t<div class=\"elementor-element elementor-element-5f5a5c2 elementor-widget elementor-widget-text-editor\" data-id=\"5f5a5c2\" data-element_type=\"widget\" data-widget_type=\"text-editor.default\">\n\t\t\t\t<div class=\"elementor-widget-container\">\n\t\t\t\t\t\t\t\t\t\t\t\t\t<\/div>\n\t\t\t\t<\/div>\n\t\t\t\t<div class=\"elementor-element elementor-element-74ebef8 elementor-widget elementor-widget-text-editor\" data-id=\"74ebef8\" data-element_type=\"widget\" data-widget_type=\"text-editor.default\">\n\t\t\t\t<div class=\"elementor-widget-container\">\n\t\t\t\t\t\t\t\t\t\t\t\t\t<\/div>\n\t\t\t\t<\/div>\n\t\t\t\t<div class=\"elementor-element elementor-element-76929bd elementor-widget elementor-widget-text-editor\" data-id=\"76929bd\" data-element_type=\"widget\" data-widget_type=\"text-editor.default\">\n\t\t\t\t<div class=\"elementor-widget-container\">\n\t\t\t\t\t\t\t\t\t\t\t\t\t<\/div>\n\t\t\t\t<\/div>\n\t\t\t\t\t<\/div>\n\t\t<\/div>\n\t\t\t\t\t\t\t<\/div>\n\t\t<\/section>\n\t\t\t\t\t\t<\/div>\n\t\t\t\t\t<\/div>\n\t\t","protected":false},"excerpt":{"rendered":"<p>Pol\u00edtica de devoluci\u00f3n Es posible realizar la devoluci\u00f3n de los productos adquiridos dentro de un plazo de 14 d\u00edas naturales desde la fecha de recepci\u00f3n del pedido seg\u00fan resguardo de entrega. No se aceptar\u00e1n los productos que hayan sido usados ni sin el embalaje original&#8230;<\/p>\n","protected":false},"author":1,"featured_media":0,"parent":0,"menu_order":0,"comment_status":"closed","ping_status":"closed","template":"","meta":[],"_links":{"self":[{"href":"https:\/\/nenonena.net\/index.php?rest_route=\/wp\/v2\/pages\/22"}],"collection":[{"href":"https:\/\/nenonena.net\/index.php?rest_route=\/wp\/v2\/pages"}],"about":[{"href":"https:\/\/nenonena.net\/index.php?rest_route=\/wp\/v2\/types\/page"}],"author":[{"embeddable":true,"href":"https:\/\/nenonena.net\/index.php?rest_route=\/wp\/v2\/users\/1"}],"replies":[{"embeddable":true,"href":"https:\/\/nenonena.net\/index.php?rest_route=%2Fwp%2Fv2%2Fcomments&post=22"}],"version-history":[{"count":10,"href":"https:\/\/nenonena.net\/index.php?rest_route=\/wp\/v2\/pages\/22\/revisions"}],"predecessor-version":[{"id":2064,"href":"https:\/\/nenonena.net\/index.php?rest_route=\/wp\/v2\/pages\/22\/revisions\/2064"}],"wp:attachment":[{"href":"https:\/\/nenonena.net\/index.php?rest_route=%2Fwp%2Fv2%2Fmedia&parent=22"}],"curies":[{"name":"wp","href":"https:\/\/api.w.org\/{rel}","templated":true}]}}